{"id":3994,"date":"2021-06-29T07:49:45","date_gmt":"2021-06-29T07:49:45","guid":{"rendered":"https:\/\/adagio.accorv2prod.decms.eu\/restaurants-bars\/"},"modified":"2025-01-28T09:27:47","modified_gmt":"2025-01-28T09:27:47","slug":"restaurants-bars","status":"publish","type":"page","link":"https:\/\/adagio.accorv2prod.decms.eu\/fr\/restaurants-bars\/","title":{"rendered":"Bars et Restaurants"},"content":{"rendered":"<p>Vivez une exp\u00e9rience gastronomique<\/strong> \u00e0 l\u2019Adagio Jacaranda Watamu, o\u00f9 la gastronomie est un v\u00e9ritable plaisir. Nos restaurants et bars offrent une <em>grande vari\u00e9t\u00e9 de d\u00e9lices culinaires<\/em> qui m\u00ealent les saveurs locales \u00e0 des cuisines internationales pour satisfaire tous les palais.<\/p>\n<p>De la cuisine raffin\u00e9e et \u00e9l\u00e9gante aux petits plats d\u00e9contract\u00e9s en bord de mer, chaque \u00e9tablissement est con\u00e7u pour captiver vos sens. Profitez de fruits de mer fra\u00eechement p\u00each\u00e9s, de plats savamment pr\u00e9par\u00e9s et de cocktails artisanaux dans des <em>d\u00e9cors \u00e9poustouflants<\/em> qui c\u00e9l\u00e8brent la beaut\u00e9 de la c\u00f4te du Kenya.<\/p>\n<p>Que vous d\u00eeniez sous les \u00e9toiles, que vous profitiez d\u2019un toast avec des amis dans nos bars anim\u00e9s ou que vous profitiez d\u2019un caf\u00e9 tranquille dans un salon serein, <strong>chaque repas est un moment \u00e0 retenir<\/strong>. Laissez-nous vous emmener dans un voyage de go\u00fbt exceptionnel et d\u2019ambiance in\u00e9gal\u00e9e.<\/p>\n","protected":false},"excerpt":{"rendered":"<p>Vivez une exp\u00e9rience gastronomique \u00e0 l\u2019Adagio Jacaranda Watamu, o\u00f9 la gastronomie est un v\u00e9ritable plaisir. Nos restaurants et bars offrent une grande vari\u00e9t\u00e9 de d\u00e9lices culinaires qui m\u00ealent les saveurs locales \u00e0 des cuisines internationales pour satisfaire tous les palais. De la cuisine raffin\u00e9e et \u00e9l\u00e9gante aux petits plats d\u00e9contract\u00e9s en bord de mer, chaque [&hellip;]<\/p>\n","protected":false},"author":2,"featured_media":0,"parent":0,"menu_order":400,"comment_status":"closed","ping_status":"closed","template":"template-restaurants.php","meta":{"footnotes":""},"categories":[],"class_list":["post-3994","page","type-page","status-publish","hentry"],"acf":[],"yoast_head":"<!-- This site is optimized with the Yoast SEO plugin v26.9 - https:\/\/yoast.com\/product\/yoast-seo-wordpress\/ -->\n<title>Bars et Restaurants - Adagio Demo Site<\/title>\n<meta name=\"robots\" content=\"noindex, follow, max-snippet:-1, max-image-preview:large, max-video-preview:-1\" \/>\n<meta property=\"og:locale\" content=\"fr_FR\" \/>\n<meta property=\"og:type\" content=\"article\" \/>\n<meta property=\"og:title\" content=\"Bars et Restaurants - Adagio Demo Site\" \/>\n<meta property=\"og:description\" content=\"Vivez une exp\u00e9rience gastronomique \u00e0 l\u2019Adagio Jacaranda Watamu, o\u00f9 la gastronomie est un v\u00e9ritable plaisir. Nos restaurants et bars offrent une grande vari\u00e9t\u00e9 de d\u00e9lices culinaires qui m\u00ealent les saveurs locales \u00e0 des cuisines internationales pour satisfaire tous les palais. De la cuisine raffin\u00e9e et \u00e9l\u00e9gante aux petits plats d\u00e9contract\u00e9s en bord de mer, chaque [&hellip;]\" \/>\n<meta property=\"og:url\" content=\"https:\/\/adagio.accorv2prod.decms.eu\/fr\/restaurants-bars\/\" \/>\n<meta property=\"og:site_name\" content=\"Adagio Demo Site\" \/>\n<meta property=\"article:modified_time\" content=\"2025-01-28T09:27:47+00:00\" \/>\n<meta name=\"twitter:card\" content=\"summary_large_image\" \/>\n<meta name=\"twitter:label1\" content=\"Dur\u00e9e de lecture est.\" \/>\n\t<meta name=\"twitter:data1\" content=\"1 minute\" \/>\n<script type=\"application\/ld+json\" class=\"yoast-schema-graph\">{\"@context\":\"https:\/\/schema.org\",\"@graph\":[{\"@type\":\"WebPage\",\"@id\":\"https:\/\/adagio.accorv2prod.decms.eu\/fr\/restaurants-bars\/\",\"url\":\"https:\/\/adagio.accorv2prod.decms.eu\/fr\/restaurants-bars\/\",\"name\":\"Bars et Restaurants - Adagio Demo Site\",\"isPartOf\":{\"@id\":\"https:\/\/adagio.accorv2prod.decms.eu\/#website\"},\"datePublished\":\"2021-06-29T07:49:45+00:00\",\"dateModified\":\"2025-01-28T09:27:47+00:00\",\"breadcrumb\":{\"@id\":\"https:\/\/adagio.accorv2prod.decms.eu\/fr\/restaurants-bars\/#breadcrumb\"},\"inLanguage\":\"fr-FR\",\"potentialAction\":[{\"@type\":\"ReadAction\",\"target\":[\"https:\/\/adagio.accorv2prod.decms.eu\/fr\/restaurants-bars\/\"]}]},{\"@type\":\"BreadcrumbList\",\"@id\":\"https:\/\/adagio.accorv2prod.decms.eu\/fr\/restaurants-bars\/#breadcrumb\",\"itemListElement\":[{\"@type\":\"ListItem\",\"position\":1,\"name\":\"Home\",\"item\":\"https:\/\/adagio.accorv2prod.decms.eu\/fr\/\"},{\"@type\":\"ListItem\",\"position\":2,\"name\":\"Bars et Restaurants\"}]},{\"@type\":\"WebSite\",\"@id\":\"https:\/\/adagio.accorv2prod.decms.eu\/#website\",\"url\":\"https:\/\/adagio.accorv2prod.decms.eu\/\",\"name\":\"Adagio Demo Site\",\"description\":\"Just another Matteo Canever Site Sites site\",\"potentialAction\":[{\"@type\":\"SearchAction\",\"target\":{\"@type\":\"EntryPoint\",\"urlTemplate\":\"https:\/\/adagio.accorv2prod.decms.eu\/?s={search_term_string}\"},\"query-input\":{\"@type\":\"PropertyValueSpecification\",\"valueRequired\":true,\"valueName\":\"search_term_string\"}}],\"inLanguage\":\"fr-FR\"}]}<\/script>\n<!-- \/ Yoast SEO plugin. -->","yoast_head_json":{"title":"Bars et Restaurants - Adagio Demo Site","robots":{"index":"noindex","follow":"follow","max-snippet":"max-snippet:-1","max-image-preview":"max-image-preview:large","max-video-preview":"max-video-preview:-1"},"og_locale":"fr_FR","og_type":"article","og_title":"Bars et Restaurants - Adagio Demo Site","og_description":"Vivez une exp\u00e9rience gastronomique \u00e0 l\u2019Adagio Jacaranda Watamu, o\u00f9 la gastronomie est un v\u00e9ritable plaisir. Nos restaurants et bars offrent une grande vari\u00e9t\u00e9 de d\u00e9lices culinaires qui m\u00ealent les saveurs locales \u00e0 des cuisines internationales pour satisfaire tous les palais. De la cuisine raffin\u00e9e et \u00e9l\u00e9gante aux petits plats d\u00e9contract\u00e9s en bord de mer, chaque [&hellip;]","og_url":"https:\/\/adagio.accorv2prod.decms.eu\/fr\/restaurants-bars\/","og_site_name":"Adagio Demo Site","article_modified_time":"2025-01-28T09:27:47+00:00","twitter_card":"summary_large_image","twitter_misc":{"Dur\u00e9e de lecture est.":"1 minute"},"schema":{"@context":"https:\/\/schema.org","@graph":[{"@type":"WebPage","@id":"https:\/\/adagio.accorv2prod.decms.eu\/fr\/restaurants-bars\/","url":"https:\/\/adagio.accorv2prod.decms.eu\/fr\/restaurants-bars\/","name":"Bars et Restaurants - Adagio Demo Site","isPartOf":{"@id":"https:\/\/adagio.accorv2prod.decms.eu\/#website"},"datePublished":"2021-06-29T07:49:45+00:00","dateModified":"2025-01-28T09:27:47+00:00","breadcrumb":{"@id":"https:\/\/adagio.accorv2prod.decms.eu\/fr\/restaurants-bars\/#breadcrumb"},"inLanguage":"fr-FR","potentialAction":[{"@type":"ReadAction","target":["https:\/\/adagio.accorv2prod.decms.eu\/fr\/restaurants-bars\/"]}]},{"@type":"BreadcrumbList","@id":"https:\/\/adagio.accorv2prod.decms.eu\/fr\/restaurants-bars\/#breadcrumb","itemListElement":[{"@type":"ListItem","position":1,"name":"Home","item":"https:\/\/adagio.accorv2prod.decms.eu\/fr\/"},{"@type":"ListItem","position":2,"name":"Bars et Restaurants"}]},{"@type":"WebSite","@id":"https:\/\/adagio.accorv2prod.decms.eu\/#website","url":"https:\/\/adagio.accorv2prod.decms.eu\/","name":"Adagio Demo Site","description":"Just another Matteo Canever Site Sites site","potentialAction":[{"@type":"SearchAction","target":{"@type":"EntryPoint","urlTemplate":"https:\/\/adagio.accorv2prod.decms.eu\/?s={search_term_string}"},"query-input":{"@type":"PropertyValueSpecification","valueRequired":true,"valueName":"search_term_string"}}],"inLanguage":"fr-FR"}]}},"_links":{"self":[{"href":"https:\/\/adagio.accorv2prod.decms.eu\/fr\/wp-json\/wp\/v2\/pages\/3994","targetHints":{"allow":["GET"]}}],"collection":[{"href":"https:\/\/adagio.accorv2prod.decms.eu\/fr\/wp-json\/wp\/v2\/pages"}],"about":[{"href":"https:\/\/adagio.accorv2prod.decms.eu\/fr\/wp-json\/wp\/v2\/types\/page"}],"author":[{"embeddable":true,"href":"https:\/\/adagio.accorv2prod.decms.eu\/fr\/wp-json\/wp\/v2\/users\/2"}],"replies":[{"embeddable":true,"href":"https:\/\/adagio.accorv2prod.decms.eu\/fr\/wp-json\/wp\/v2\/comments?post=3994"}],"version-history":[{"count":0,"href":"https:\/\/adagio.accorv2prod.decms.eu\/fr\/wp-json\/wp\/v2\/pages\/3994\/revisions"}],"wp:attachment":[{"href":"https:\/\/adagio.accorv2prod.decms.eu\/fr\/wp-json\/wp\/v2\/media?parent=3994"}],"wp:term":[{"taxonomy":"category","embeddable":true,"href":"https:\/\/adagio.accorv2prod.decms.eu\/fr\/wp-json\/wp\/v2\/categories?post=3994"}],"curies":[{"name":"wp","href":"https:\/\/api.w.org\/{rel}","templated":true}]}}