{"id":3996,"date":"2021-06-29T09:42:12","date_gmt":"2021-06-29T09:42:12","guid":{"rendered":"https:\/\/adagio.accorv2prod.decms.eu\/thalasso-spa-wellness\/"},"modified":"2025-01-28T09:28:48","modified_gmt":"2025-01-28T09:28:48","slug":"thalasso-spa-wellness","status":"publish","type":"page","link":"https:\/\/adagio.accorv2prod.decms.eu\/fr\/thalasso-spa-wellness\/","title":{"rendered":"SPA &#038; Bien-\u00eatre"},"content":{"rendered":"<p>Offrez-vous une exp\u00e9rience de <strong>relaxation<\/strong> et de <strong>rajeunissement<\/strong> dans notre centre de thalasso SPA &#038; Wellness<\/strong>. Plongez dans un monde de tranquillit\u00e9, o\u00f9 des soins savamment con\u00e7us et un environnement serein r\u00e9pondent \u00e0 tous vos besoins. Notre spa propose des <strong>th\u00e9rapies<\/strong> con\u00e7ues pour apaiser le corps et revitaliser l\u2019esprit, notamment la traditionnelle <strong>thalassoth\u00e9rapie<\/strong>, l\u2019aromath\u00e9rapie et les <strong>massages<\/strong> de marque.<\/p>\n<p>Le bien-\u00eatre n\u2019est pas qu\u2019un traitement, c\u2019est un voyage. Profitez de rituels <strong>personnalis\u00e9s<\/strong>, de soins du visage rajeunissants et de th\u00e9rapies holistiques qui r\u00e9tablissent l\u2019\u00e9quilibre et l\u2019harmonie. Nos th\u00e9rapeutes qualifi\u00e9s utilisent des produits de qualit\u00e9 sup\u00e9rieure et des techniques innovantes pour assurer une exp\u00e9rience profond\u00e9ment satisfaisante.<\/p>\n<p>Agr\u00e9mentez votre visite en explorant nos installations de bien-\u00eatre, de la piscine d\u2019hydroth\u00e9rapie apaisante<strong><\/strong> au sauna <strong>tonifiant<\/strong> et aux salles de vapeur <strong><\/strong>. Que vous soyez \u00e0 la recherche d\u2019un moment de paix ou d\u2019une retraite bien-\u00eatre compl\u00e8te, <strong>Thalasso SPA &#038; Wellness<\/strong> promet une escapade inoubliable.<\/p>\n","protected":false},"excerpt":{"rendered":"<p>Offrez-vous une exp\u00e9rience de relaxation et de rajeunissement dans notre centre de thalasso SPA &#038; Wellness. Plongez dans un monde de tranquillit\u00e9, o\u00f9 des soins savamment con\u00e7us et un environnement serein r\u00e9pondent \u00e0 tous vos besoins. Notre spa propose des th\u00e9rapies con\u00e7ues pour apaiser le corps et revitaliser l\u2019esprit, notamment la traditionnelle thalassoth\u00e9rapie, l\u2019aromath\u00e9rapie et [&hellip;]<\/p>\n","protected":false},"author":2,"featured_media":0,"parent":0,"menu_order":900,"comment_status":"closed","ping_status":"closed","template":"","meta":{"footnotes":""},"categories":[],"class_list":["post-3996","page","type-page","status-publish","hentry"],"acf":[],"yoast_head":"<!-- This site is optimized with the Yoast SEO plugin v26.9 - https:\/\/yoast.com\/product\/yoast-seo-wordpress\/ -->\n<title>SPA &amp; Bien-\u00eatre - Adagio Demo Site<\/title>\n<meta name=\"robots\" content=\"noindex, follow, max-snippet:-1, max-image-preview:large, max-video-preview:-1\" \/>\n<meta property=\"og:locale\" content=\"fr_FR\" \/>\n<meta property=\"og:type\" content=\"article\" \/>\n<meta property=\"og:title\" content=\"SPA &amp; Bien-\u00eatre - Adagio Demo Site\" \/>\n<meta property=\"og:description\" content=\"Offrez-vous une exp\u00e9rience de relaxation et de rajeunissement dans notre centre de thalasso SPA &#038; Wellness. Plongez dans un monde de tranquillit\u00e9, o\u00f9 des soins savamment con\u00e7us et un environnement serein r\u00e9pondent \u00e0 tous vos besoins. Notre spa propose des th\u00e9rapies con\u00e7ues pour apaiser le corps et revitaliser l\u2019esprit, notamment la traditionnelle thalassoth\u00e9rapie, l\u2019aromath\u00e9rapie et [&hellip;]\" \/>\n<meta property=\"og:url\" content=\"https:\/\/adagio.accorv2prod.decms.eu\/fr\/thalasso-spa-wellness\/\" \/>\n<meta property=\"og:site_name\" content=\"Adagio Demo Site\" \/>\n<meta property=\"article:modified_time\" content=\"2025-01-28T09:28:48+00:00\" \/>\n<meta name=\"twitter:card\" content=\"summary_large_image\" \/>\n<meta name=\"twitter:label1\" content=\"Dur\u00e9e de lecture est.\" \/>\n\t<meta name=\"twitter:data1\" content=\"1 minute\" \/>\n<script type=\"application\/ld+json\" class=\"yoast-schema-graph\">{\"@context\":\"https:\/\/schema.org\",\"@graph\":[{\"@type\":\"WebPage\",\"@id\":\"https:\/\/adagio.accorv2prod.decms.eu\/fr\/thalasso-spa-wellness\/\",\"url\":\"https:\/\/adagio.accorv2prod.decms.eu\/fr\/thalasso-spa-wellness\/\",\"name\":\"SPA & Bien-\u00eatre - Adagio Demo Site\",\"isPartOf\":{\"@id\":\"https:\/\/adagio.accorv2prod.decms.eu\/#website\"},\"datePublished\":\"2021-06-29T09:42:12+00:00\",\"dateModified\":\"2025-01-28T09:28:48+00:00\",\"breadcrumb\":{\"@id\":\"https:\/\/adagio.accorv2prod.decms.eu\/fr\/thalasso-spa-wellness\/#breadcrumb\"},\"inLanguage\":\"fr-FR\",\"potentialAction\":[{\"@type\":\"ReadAction\",\"target\":[\"https:\/\/adagio.accorv2prod.decms.eu\/fr\/thalasso-spa-wellness\/\"]}]},{\"@type\":\"BreadcrumbList\",\"@id\":\"https:\/\/adagio.accorv2prod.decms.eu\/fr\/thalasso-spa-wellness\/#breadcrumb\",\"itemListElement\":[{\"@type\":\"ListItem\",\"position\":1,\"name\":\"Home\",\"item\":\"https:\/\/adagio.accorv2prod.decms.eu\/fr\/\"},{\"@type\":\"ListItem\",\"position\":2,\"name\":\"SPA &#038; Bien-\u00eatre\"}]},{\"@type\":\"WebSite\",\"@id\":\"https:\/\/adagio.accorv2prod.decms.eu\/#website\",\"url\":\"https:\/\/adagio.accorv2prod.decms.eu\/\",\"name\":\"Adagio Demo Site\",\"description\":\"Just another Matteo Canever Site Sites site\",\"potentialAction\":[{\"@type\":\"SearchAction\",\"target\":{\"@type\":\"EntryPoint\",\"urlTemplate\":\"https:\/\/adagio.accorv2prod.decms.eu\/?s={search_term_string}\"},\"query-input\":{\"@type\":\"PropertyValueSpecification\",\"valueRequired\":true,\"valueName\":\"search_term_string\"}}],\"inLanguage\":\"fr-FR\"}]}<\/script>\n<!-- \/ Yoast SEO plugin. -->","yoast_head_json":{"title":"SPA & Bien-\u00eatre - Adagio Demo Site","robots":{"index":"noindex","follow":"follow","max-snippet":"max-snippet:-1","max-image-preview":"max-image-preview:large","max-video-preview":"max-video-preview:-1"},"og_locale":"fr_FR","og_type":"article","og_title":"SPA & Bien-\u00eatre - Adagio Demo Site","og_description":"Offrez-vous une exp\u00e9rience de relaxation et de rajeunissement dans notre centre de thalasso SPA &#038; Wellness. Plongez dans un monde de tranquillit\u00e9, o\u00f9 des soins savamment con\u00e7us et un environnement serein r\u00e9pondent \u00e0 tous vos besoins. Notre spa propose des th\u00e9rapies con\u00e7ues pour apaiser le corps et revitaliser l\u2019esprit, notamment la traditionnelle thalassoth\u00e9rapie, l\u2019aromath\u00e9rapie et [&hellip;]","og_url":"https:\/\/adagio.accorv2prod.decms.eu\/fr\/thalasso-spa-wellness\/","og_site_name":"Adagio Demo Site","article_modified_time":"2025-01-28T09:28:48+00:00","twitter_card":"summary_large_image","twitter_misc":{"Dur\u00e9e de lecture est.":"1 minute"},"schema":{"@context":"https:\/\/schema.org","@graph":[{"@type":"WebPage","@id":"https:\/\/adagio.accorv2prod.decms.eu\/fr\/thalasso-spa-wellness\/","url":"https:\/\/adagio.accorv2prod.decms.eu\/fr\/thalasso-spa-wellness\/","name":"SPA & Bien-\u00eatre - Adagio Demo Site","isPartOf":{"@id":"https:\/\/adagio.accorv2prod.decms.eu\/#website"},"datePublished":"2021-06-29T09:42:12+00:00","dateModified":"2025-01-28T09:28:48+00:00","breadcrumb":{"@id":"https:\/\/adagio.accorv2prod.decms.eu\/fr\/thalasso-spa-wellness\/#breadcrumb"},"inLanguage":"fr-FR","potentialAction":[{"@type":"ReadAction","target":["https:\/\/adagio.accorv2prod.decms.eu\/fr\/thalasso-spa-wellness\/"]}]},{"@type":"BreadcrumbList","@id":"https:\/\/adagio.accorv2prod.decms.eu\/fr\/thalasso-spa-wellness\/#breadcrumb","itemListElement":[{"@type":"ListItem","position":1,"name":"Home","item":"https:\/\/adagio.accorv2prod.decms.eu\/fr\/"},{"@type":"ListItem","position":2,"name":"SPA &#038; Bien-\u00eatre"}]},{"@type":"WebSite","@id":"https:\/\/adagio.accorv2prod.decms.eu\/#website","url":"https:\/\/adagio.accorv2prod.decms.eu\/","name":"Adagio Demo Site","description":"Just another Matteo Canever Site Sites site","potentialAction":[{"@type":"SearchAction","target":{"@type":"EntryPoint","urlTemplate":"https:\/\/adagio.accorv2prod.decms.eu\/?s={search_term_string}"},"query-input":{"@type":"PropertyValueSpecification","valueRequired":true,"valueName":"search_term_string"}}],"inLanguage":"fr-FR"}]}},"_links":{"self":[{"href":"https:\/\/adagio.accorv2prod.decms.eu\/fr\/wp-json\/wp\/v2\/pages\/3996","targetHints":{"allow":["GET"]}}],"collection":[{"href":"https:\/\/adagio.accorv2prod.decms.eu\/fr\/wp-json\/wp\/v2\/pages"}],"about":[{"href":"https:\/\/adagio.accorv2prod.decms.eu\/fr\/wp-json\/wp\/v2\/types\/page"}],"author":[{"embeddable":true,"href":"https:\/\/adagio.accorv2prod.decms.eu\/fr\/wp-json\/wp\/v2\/users\/2"}],"replies":[{"embeddable":true,"href":"https:\/\/adagio.accorv2prod.decms.eu\/fr\/wp-json\/wp\/v2\/comments?post=3996"}],"version-history":[{"count":0,"href":"https:\/\/adagio.accorv2prod.decms.eu\/fr\/wp-json\/wp\/v2\/pages\/3996\/revisions"}],"wp:attachment":[{"href":"https:\/\/adagio.accorv2prod.decms.eu\/fr\/wp-json\/wp\/v2\/media?parent=3996"}],"wp:term":[{"taxonomy":"category","embeddable":true,"href":"https:\/\/adagio.accorv2prod.decms.eu\/fr\/wp-json\/wp\/v2\/categories?post=3996"}],"curies":[{"name":"wp","href":"https:\/\/api.w.org\/{rel}","templated":true}]}}