{"id":3998,"date":"2021-06-29T15:42:28","date_gmt":"2021-06-29T15:42:28","guid":{"rendered":"https:\/\/adagio.accorv2prod.decms.eu\/weddings\/"},"modified":"2025-01-28T09:33:34","modified_gmt":"2025-01-28T09:33:34","slug":"mariages","status":"publish","type":"page","link":"https:\/\/adagio.accorv2prod.decms.eu\/fr\/mariages\/","title":{"rendered":"Mariages"},"content":{"rendered":"<p>Dans notre magnifique salle de mariage, nous transformons votre mariage de r\u00eave en r\u00e9alit\u00e9. Que vous envisagiez une c\u00e9r\u00e9monie intime dans un charmant jardin ou une grande c\u00e9l\u00e9bration dans notre salle de bal luxueuse, notre lieu offre la toile de fond parfaite. Nos espaces flexibles peuvent accueillir des petites r\u00e9unions et de grands mariages, ce qui permet de personnaliser chaque d\u00e9tail de votre journ\u00e9e sp\u00e9ciale.<\/p>\n<p>Notre \u00e9quipe exp\u00e9riment\u00e9e est l\u00e0 pour vous soutenir \u00e0 chaque \u00e9tape, de la planification initiale au moment o\u00f9 vous dites \u00ab\u00a0J\u2019en ai.\u00a0\u00bb Avec des forfaits de mariage personnalis\u00e9s, incluant la restauration, le d\u00e9cor et les divertissements, nous nous assurons que votre c\u00e9l\u00e9bration est sans faille. Nous sommes d\u00e9di\u00e9s \u00e0 rendre votre journ\u00e9e de mariage vraiment inoubliable.<\/p>\n<p>Avec des installations de premier ordre, des options personnalisables et une attention aux d\u00e9tails, votre mariage sera un jour \u00e0 ch\u00e9rir pour toujours. Laissez-nous vous aider \u00e0 cr\u00e9er de beaux souvenirs qui dureront toute une vie, le tout dans un cadre parfait.<\/p>\n","protected":false},"excerpt":{"rendered":"<p>Dans notre magnifique salle de mariage, nous transformons votre mariage de r\u00eave en r\u00e9alit\u00e9. Que vous envisagiez une c\u00e9r\u00e9monie intime dans un charmant jardin ou une grande c\u00e9l\u00e9bration dans notre salle de bal luxueuse, notre lieu offre la toile de fond parfaite. Nos espaces flexibles peuvent accueillir des petites r\u00e9unions et de grands mariages, ce [&hellip;]<\/p>\n","protected":false},"author":2,"featured_media":0,"parent":0,"menu_order":500,"comment_status":"closed","ping_status":"closed","template":"template-wedding.php","meta":{"footnotes":""},"categories":[],"class_list":["post-3998","page","type-page","status-publish","hentry"],"acf":[],"yoast_head":"<!-- This site is optimized with the Yoast SEO plugin v26.9 - https:\/\/yoast.com\/product\/yoast-seo-wordpress\/ -->\n<title>Mariages - Adagio Demo Site<\/title>\n<meta name=\"robots\" content=\"noindex, follow, max-snippet:-1, max-image-preview:large, max-video-preview:-1\" \/>\n<meta property=\"og:locale\" content=\"fr_FR\" \/>\n<meta property=\"og:type\" content=\"article\" \/>\n<meta property=\"og:title\" content=\"Mariages - Adagio Demo Site\" \/>\n<meta property=\"og:description\" content=\"Dans notre magnifique salle de mariage, nous transformons votre mariage de r\u00eave en r\u00e9alit\u00e9. Que vous envisagiez une c\u00e9r\u00e9monie intime dans un charmant jardin ou une grande c\u00e9l\u00e9bration dans notre salle de bal luxueuse, notre lieu offre la toile de fond parfaite. Nos espaces flexibles peuvent accueillir des petites r\u00e9unions et de grands mariages, ce [&hellip;]\" \/>\n<meta property=\"og:url\" content=\"https:\/\/adagio.accorv2prod.decms.eu\/fr\/mariages\/\" \/>\n<meta property=\"og:site_name\" content=\"Adagio Demo Site\" \/>\n<meta property=\"article:modified_time\" content=\"2025-01-28T09:33:34+00:00\" \/>\n<meta name=\"twitter:card\" content=\"summary_large_image\" \/>\n<meta name=\"twitter:label1\" content=\"Dur\u00e9e de lecture est.\" \/>\n\t<meta name=\"twitter:data1\" content=\"1 minute\" \/>\n<script type=\"application\/ld+json\" class=\"yoast-schema-graph\">{\"@context\":\"https:\/\/schema.org\",\"@graph\":[{\"@type\":\"WebPage\",\"@id\":\"https:\/\/adagio.accorv2prod.decms.eu\/fr\/mariages\/\",\"url\":\"https:\/\/adagio.accorv2prod.decms.eu\/fr\/mariages\/\",\"name\":\"Mariages - Adagio Demo Site\",\"isPartOf\":{\"@id\":\"https:\/\/adagio.accorv2prod.decms.eu\/#website\"},\"datePublished\":\"2021-06-29T15:42:28+00:00\",\"dateModified\":\"2025-01-28T09:33:34+00:00\",\"breadcrumb\":{\"@id\":\"https:\/\/adagio.accorv2prod.decms.eu\/fr\/mariages\/#breadcrumb\"},\"inLanguage\":\"fr-FR\",\"potentialAction\":[{\"@type\":\"ReadAction\",\"target\":[\"https:\/\/adagio.accorv2prod.decms.eu\/fr\/mariages\/\"]}]},{\"@type\":\"BreadcrumbList\",\"@id\":\"https:\/\/adagio.accorv2prod.decms.eu\/fr\/mariages\/#breadcrumb\",\"itemListElement\":[{\"@type\":\"ListItem\",\"position\":1,\"name\":\"Home\",\"item\":\"https:\/\/adagio.accorv2prod.decms.eu\/fr\/\"},{\"@type\":\"ListItem\",\"position\":2,\"name\":\"Mariages\"}]},{\"@type\":\"WebSite\",\"@id\":\"https:\/\/adagio.accorv2prod.decms.eu\/#website\",\"url\":\"https:\/\/adagio.accorv2prod.decms.eu\/\",\"name\":\"Adagio Demo Site\",\"description\":\"Just another Matteo Canever Site Sites site\",\"potentialAction\":[{\"@type\":\"SearchAction\",\"target\":{\"@type\":\"EntryPoint\",\"urlTemplate\":\"https:\/\/adagio.accorv2prod.decms.eu\/?s={search_term_string}\"},\"query-input\":{\"@type\":\"PropertyValueSpecification\",\"valueRequired\":true,\"valueName\":\"search_term_string\"}}],\"inLanguage\":\"fr-FR\"}]}<\/script>\n<!-- \/ Yoast SEO plugin. -->","yoast_head_json":{"title":"Mariages - Adagio Demo Site","robots":{"index":"noindex","follow":"follow","max-snippet":"max-snippet:-1","max-image-preview":"max-image-preview:large","max-video-preview":"max-video-preview:-1"},"og_locale":"fr_FR","og_type":"article","og_title":"Mariages - Adagio Demo Site","og_description":"Dans notre magnifique salle de mariage, nous transformons votre mariage de r\u00eave en r\u00e9alit\u00e9. Que vous envisagiez une c\u00e9r\u00e9monie intime dans un charmant jardin ou une grande c\u00e9l\u00e9bration dans notre salle de bal luxueuse, notre lieu offre la toile de fond parfaite. Nos espaces flexibles peuvent accueillir des petites r\u00e9unions et de grands mariages, ce [&hellip;]","og_url":"https:\/\/adagio.accorv2prod.decms.eu\/fr\/mariages\/","og_site_name":"Adagio Demo Site","article_modified_time":"2025-01-28T09:33:34+00:00","twitter_card":"summary_large_image","twitter_misc":{"Dur\u00e9e de lecture est.":"1 minute"},"schema":{"@context":"https:\/\/schema.org","@graph":[{"@type":"WebPage","@id":"https:\/\/adagio.accorv2prod.decms.eu\/fr\/mariages\/","url":"https:\/\/adagio.accorv2prod.decms.eu\/fr\/mariages\/","name":"Mariages - Adagio Demo Site","isPartOf":{"@id":"https:\/\/adagio.accorv2prod.decms.eu\/#website"},"datePublished":"2021-06-29T15:42:28+00:00","dateModified":"2025-01-28T09:33:34+00:00","breadcrumb":{"@id":"https:\/\/adagio.accorv2prod.decms.eu\/fr\/mariages\/#breadcrumb"},"inLanguage":"fr-FR","potentialAction":[{"@type":"ReadAction","target":["https:\/\/adagio.accorv2prod.decms.eu\/fr\/mariages\/"]}]},{"@type":"BreadcrumbList","@id":"https:\/\/adagio.accorv2prod.decms.eu\/fr\/mariages\/#breadcrumb","itemListElement":[{"@type":"ListItem","position":1,"name":"Home","item":"https:\/\/adagio.accorv2prod.decms.eu\/fr\/"},{"@type":"ListItem","position":2,"name":"Mariages"}]},{"@type":"WebSite","@id":"https:\/\/adagio.accorv2prod.decms.eu\/#website","url":"https:\/\/adagio.accorv2prod.decms.eu\/","name":"Adagio Demo Site","description":"Just another Matteo Canever Site Sites site","potentialAction":[{"@type":"SearchAction","target":{"@type":"EntryPoint","urlTemplate":"https:\/\/adagio.accorv2prod.decms.eu\/?s={search_term_string}"},"query-input":{"@type":"PropertyValueSpecification","valueRequired":true,"valueName":"search_term_string"}}],"inLanguage":"fr-FR"}]}},"_links":{"self":[{"href":"https:\/\/adagio.accorv2prod.decms.eu\/fr\/wp-json\/wp\/v2\/pages\/3998","targetHints":{"allow":["GET"]}}],"collection":[{"href":"https:\/\/adagio.accorv2prod.decms.eu\/fr\/wp-json\/wp\/v2\/pages"}],"about":[{"href":"https:\/\/adagio.accorv2prod.decms.eu\/fr\/wp-json\/wp\/v2\/types\/page"}],"author":[{"embeddable":true,"href":"https:\/\/adagio.accorv2prod.decms.eu\/fr\/wp-json\/wp\/v2\/users\/2"}],"replies":[{"embeddable":true,"href":"https:\/\/adagio.accorv2prod.decms.eu\/fr\/wp-json\/wp\/v2\/comments?post=3998"}],"version-history":[{"count":0,"href":"https:\/\/adagio.accorv2prod.decms.eu\/fr\/wp-json\/wp\/v2\/pages\/3998\/revisions"}],"wp:attachment":[{"href":"https:\/\/adagio.accorv2prod.decms.eu\/fr\/wp-json\/wp\/v2\/media?parent=3998"}],"wp:term":[{"taxonomy":"category","embeddable":true,"href":"https:\/\/adagio.accorv2prod.decms.eu\/fr\/wp-json\/wp\/v2\/categories?post=3998"}],"curies":[{"name":"wp","href":"https:\/\/api.w.org\/{rel}","templated":true}]}}