{"id":4001,"date":"2021-06-29T10:16:46","date_gmt":"2021-06-29T10:16:46","guid":{"rendered":"https:\/\/adagio.accorv2prod.decms.eu\/rooms-suites\/"},"modified":"2025-01-28T09:32:13","modified_gmt":"2025-01-28T09:32:13","slug":"chambres","status":"publish","type":"page","link":"https:\/\/adagio.accorv2prod.decms.eu\/fr\/chambres\/","title":{"rendered":"Chambres"},"content":{"rendered":"<p style=\"text-align\u00a0: center;\">Entrez dans un monde de <strong>\u00e9l\u00e9gance et s\u00e9r\u00e9nit\u00e9<\/strong> \u00e0 l\u2019Adagio Jacaranda Watamu. Nos chambres et suites sont bien plus que des lieux de repos\u00a0: elles sont <em>soigneusement s\u00e9lectionn\u00e9es<\/em> pour votre confort ultime. De la <em>literie luxueuse et des am\u00e9nagements spacieux<\/em> \u00e0 la vue imprenable sur l\u2019oc\u00e9an ou le jardin, chaque d\u00e9tail est con\u00e7u pour cr\u00e9er un sanctuaire de d\u00e9tente. <\/p>\n<p style=\"text-align\u00a0: center;\">Que vous soyez ici pour les loisirs ou les affaires, vous trouverez des \u00e9quipements modernes tels qu\u2019une connexion Wi-Fi haut d\u00e9bit, des draps de luxe et des <em>int\u00e9rieurs soigneusement con\u00e7us<\/em> pour am\u00e9liorer votre s\u00e9jour. <strong>Plongez dans un havre de style et de tranquillit\u00e9<\/strong> et laissez-nous red\u00e9finir ce que signifie se sentir chez soi en l\u2019absence.<\/p>\n","protected":false},"excerpt":{"rendered":"<p>Entrez dans un monde de \u00e9l\u00e9gance et s\u00e9r\u00e9nit\u00e9 \u00e0 l\u2019Adagio Jacaranda Watamu. Nos chambres et suites sont bien plus que des lieux de repos\u00a0: elles sont soigneusement s\u00e9lectionn\u00e9es pour votre confort ultime. De la literie luxueuse et des am\u00e9nagements spacieux \u00e0 la vue imprenable sur l\u2019oc\u00e9an ou le jardin, chaque d\u00e9tail est con\u00e7u pour cr\u00e9er [&hellip;]<\/p>\n","protected":false},"author":2,"featured_media":0,"parent":0,"menu_order":200,"comment_status":"closed","ping_status":"closed","template":"template-rooms.php","meta":{"footnotes":""},"categories":[],"class_list":["post-4001","page","type-page","status-publish","hentry"],"acf":[],"yoast_head":"<!-- This site is optimized with the Yoast SEO plugin v26.9 - https:\/\/yoast.com\/product\/yoast-seo-wordpress\/ -->\n<title>Chambres - Adagio Demo Site<\/title>\n<meta name=\"robots\" content=\"noindex, follow, max-snippet:-1, max-image-preview:large, max-video-preview:-1\" \/>\n<meta property=\"og:locale\" content=\"fr_FR\" \/>\n<meta property=\"og:type\" content=\"article\" \/>\n<meta property=\"og:title\" content=\"Chambres - Adagio Demo Site\" \/>\n<meta property=\"og:description\" content=\"Entrez dans un monde de \u00e9l\u00e9gance et s\u00e9r\u00e9nit\u00e9 \u00e0 l\u2019Adagio Jacaranda Watamu. Nos chambres et suites sont bien plus que des lieux de repos\u00a0: elles sont soigneusement s\u00e9lectionn\u00e9es pour votre confort ultime. De la literie luxueuse et des am\u00e9nagements spacieux \u00e0 la vue imprenable sur l\u2019oc\u00e9an ou le jardin, chaque d\u00e9tail est con\u00e7u pour cr\u00e9er [&hellip;]\" \/>\n<meta property=\"og:url\" content=\"https:\/\/adagio.accorv2prod.decms.eu\/fr\/chambres\/\" \/>\n<meta property=\"og:site_name\" content=\"Adagio Demo Site\" \/>\n<meta property=\"article:modified_time\" content=\"2025-01-28T09:32:13+00:00\" \/>\n<meta name=\"twitter:card\" content=\"summary_large_image\" \/>\n<meta name=\"twitter:label1\" content=\"Dur\u00e9e de lecture est.\" \/>\n\t<meta name=\"twitter:data1\" content=\"1 minute\" \/>\n<script type=\"application\/ld+json\" class=\"yoast-schema-graph\">{\"@context\":\"https:\/\/schema.org\",\"@graph\":[{\"@type\":\"WebPage\",\"@id\":\"https:\/\/adagio.accorv2prod.decms.eu\/fr\/chambres\/\",\"url\":\"https:\/\/adagio.accorv2prod.decms.eu\/fr\/chambres\/\",\"name\":\"Chambres - Adagio Demo Site\",\"isPartOf\":{\"@id\":\"https:\/\/adagio.accorv2prod.decms.eu\/#website\"},\"datePublished\":\"2021-06-29T10:16:46+00:00\",\"dateModified\":\"2025-01-28T09:32:13+00:00\",\"breadcrumb\":{\"@id\":\"https:\/\/adagio.accorv2prod.decms.eu\/fr\/chambres\/#breadcrumb\"},\"inLanguage\":\"fr-FR\",\"potentialAction\":[{\"@type\":\"ReadAction\",\"target\":[\"https:\/\/adagio.accorv2prod.decms.eu\/fr\/chambres\/\"]}]},{\"@type\":\"BreadcrumbList\",\"@id\":\"https:\/\/adagio.accorv2prod.decms.eu\/fr\/chambres\/#breadcrumb\",\"itemListElement\":[{\"@type\":\"ListItem\",\"position\":1,\"name\":\"Home\",\"item\":\"https:\/\/adagio.accorv2prod.decms.eu\/fr\/\"},{\"@type\":\"ListItem\",\"position\":2,\"name\":\"Chambres\"}]},{\"@type\":\"WebSite\",\"@id\":\"https:\/\/adagio.accorv2prod.decms.eu\/#website\",\"url\":\"https:\/\/adagio.accorv2prod.decms.eu\/\",\"name\":\"Adagio Demo Site\",\"description\":\"Just another Matteo Canever Site Sites site\",\"potentialAction\":[{\"@type\":\"SearchAction\",\"target\":{\"@type\":\"EntryPoint\",\"urlTemplate\":\"https:\/\/adagio.accorv2prod.decms.eu\/?s={search_term_string}\"},\"query-input\":{\"@type\":\"PropertyValueSpecification\",\"valueRequired\":true,\"valueName\":\"search_term_string\"}}],\"inLanguage\":\"fr-FR\"}]}<\/script>\n<!-- \/ Yoast SEO plugin. -->","yoast_head_json":{"title":"Chambres - Adagio Demo Site","robots":{"index":"noindex","follow":"follow","max-snippet":"max-snippet:-1","max-image-preview":"max-image-preview:large","max-video-preview":"max-video-preview:-1"},"og_locale":"fr_FR","og_type":"article","og_title":"Chambres - Adagio Demo Site","og_description":"Entrez dans un monde de \u00e9l\u00e9gance et s\u00e9r\u00e9nit\u00e9 \u00e0 l\u2019Adagio Jacaranda Watamu. Nos chambres et suites sont bien plus que des lieux de repos\u00a0: elles sont soigneusement s\u00e9lectionn\u00e9es pour votre confort ultime. De la literie luxueuse et des am\u00e9nagements spacieux \u00e0 la vue imprenable sur l\u2019oc\u00e9an ou le jardin, chaque d\u00e9tail est con\u00e7u pour cr\u00e9er [&hellip;]","og_url":"https:\/\/adagio.accorv2prod.decms.eu\/fr\/chambres\/","og_site_name":"Adagio Demo Site","article_modified_time":"2025-01-28T09:32:13+00:00","twitter_card":"summary_large_image","twitter_misc":{"Dur\u00e9e de lecture est.":"1 minute"},"schema":{"@context":"https:\/\/schema.org","@graph":[{"@type":"WebPage","@id":"https:\/\/adagio.accorv2prod.decms.eu\/fr\/chambres\/","url":"https:\/\/adagio.accorv2prod.decms.eu\/fr\/chambres\/","name":"Chambres - Adagio Demo Site","isPartOf":{"@id":"https:\/\/adagio.accorv2prod.decms.eu\/#website"},"datePublished":"2021-06-29T10:16:46+00:00","dateModified":"2025-01-28T09:32:13+00:00","breadcrumb":{"@id":"https:\/\/adagio.accorv2prod.decms.eu\/fr\/chambres\/#breadcrumb"},"inLanguage":"fr-FR","potentialAction":[{"@type":"ReadAction","target":["https:\/\/adagio.accorv2prod.decms.eu\/fr\/chambres\/"]}]},{"@type":"BreadcrumbList","@id":"https:\/\/adagio.accorv2prod.decms.eu\/fr\/chambres\/#breadcrumb","itemListElement":[{"@type":"ListItem","position":1,"name":"Home","item":"https:\/\/adagio.accorv2prod.decms.eu\/fr\/"},{"@type":"ListItem","position":2,"name":"Chambres"}]},{"@type":"WebSite","@id":"https:\/\/adagio.accorv2prod.decms.eu\/#website","url":"https:\/\/adagio.accorv2prod.decms.eu\/","name":"Adagio Demo Site","description":"Just another Matteo Canever Site Sites site","potentialAction":[{"@type":"SearchAction","target":{"@type":"EntryPoint","urlTemplate":"https:\/\/adagio.accorv2prod.decms.eu\/?s={search_term_string}"},"query-input":{"@type":"PropertyValueSpecification","valueRequired":true,"valueName":"search_term_string"}}],"inLanguage":"fr-FR"}]}},"_links":{"self":[{"href":"https:\/\/adagio.accorv2prod.decms.eu\/fr\/wp-json\/wp\/v2\/pages\/4001","targetHints":{"allow":["GET"]}}],"collection":[{"href":"https:\/\/adagio.accorv2prod.decms.eu\/fr\/wp-json\/wp\/v2\/pages"}],"about":[{"href":"https:\/\/adagio.accorv2prod.decms.eu\/fr\/wp-json\/wp\/v2\/types\/page"}],"author":[{"embeddable":true,"href":"https:\/\/adagio.accorv2prod.decms.eu\/fr\/wp-json\/wp\/v2\/users\/2"}],"replies":[{"embeddable":true,"href":"https:\/\/adagio.accorv2prod.decms.eu\/fr\/wp-json\/wp\/v2\/comments?post=4001"}],"version-history":[{"count":0,"href":"https:\/\/adagio.accorv2prod.decms.eu\/fr\/wp-json\/wp\/v2\/pages\/4001\/revisions"}],"wp:attachment":[{"href":"https:\/\/adagio.accorv2prod.decms.eu\/fr\/wp-json\/wp\/v2\/media?parent=4001"}],"wp:term":[{"taxonomy":"category","embeddable":true,"href":"https:\/\/adagio.accorv2prod.decms.eu\/fr\/wp-json\/wp\/v2\/categories?post=4001"}],"curies":[{"name":"wp","href":"https:\/\/api.w.org\/{rel}","templated":true}]}}