{"id":895,"date":"2021-06-28T12:56:47","date_gmt":"2021-06-28T12:56:47","guid":{"rendered":"https:\/\/adagio.accorv2prod.decms.eu\/?page_id=895"},"modified":"2025-01-28T09:32:56","modified_gmt":"2025-01-28T09:32:56","slug":"home","status":"publish","type":"page","link":"https:\/\/adagio.accorv2prod.decms.eu\/fr\/","title":{"rendered":"Accueil"},"content":{"rendered":"<p>Avec des vues resplendissantes sur la mer, Adagio Jacaranda Watamu Kenya vous invite \u00e0 l\u2019\u00e9vasion.<br \/>\nSentez-vous chez vous dans une maison perch\u00e9e au charme sauvage, offrant une vue imprenable sur l\u2019oc\u00e9an Indien et une mangrove prot\u00e9g\u00e9e par l\u2019UNESCO.<\/p>\n<p style=\"text-align: center;\"><strong>ALAIN RUFFIER<\/strong><br \/>\nDirecteur G\u00e9n\u00e9ral<\/p>\n","protected":false},"excerpt":{"rendered":"<p>Avec des vues resplendissantes sur la mer, Adagio Jacaranda Watamu Kenya vous invite \u00e0 l\u2019\u00e9vasion. Sentez-vous chez vous dans une maison perch\u00e9e au charme sauvage, offrant une vue imprenable sur l\u2019oc\u00e9an Indien et une mangrove prot\u00e9g\u00e9e par l\u2019UNESCO. ALAIN RUFFIER Directeur G\u00e9n\u00e9ral<\/p>\n","protected":false},"author":2,"featured_media":0,"parent":0,"menu_order":0,"comment_status":"closed","ping_status":"closed","template":"","meta":{"footnotes":""},"categories":[],"class_list":["post-895","page","type-page","status-publish","hentry"],"acf":[],"yoast_head":"<!-- This site is optimized with the Yoast SEO plugin v26.9 - https:\/\/yoast.com\/product\/yoast-seo-wordpress\/ -->\n<title>Accueil - Adagio Demo Site<\/title>\n<meta name=\"robots\" content=\"noindex, follow, max-snippet:-1, max-image-preview:large, max-video-preview:-1\" \/>\n<meta property=\"og:locale\" content=\"fr_FR\" \/>\n<meta property=\"og:type\" content=\"article\" \/>\n<meta property=\"og:title\" content=\"Accueil - Adagio Demo Site\" \/>\n<meta property=\"og:description\" content=\"Avec des vues resplendissantes sur la mer, Adagio Jacaranda Watamu Kenya vous invite \u00e0 l\u2019\u00e9vasion. Sentez-vous chez vous dans une maison perch\u00e9e au charme sauvage, offrant une vue imprenable sur l\u2019oc\u00e9an Indien et une mangrove prot\u00e9g\u00e9e par l\u2019UNESCO. ALAIN RUFFIER Directeur G\u00e9n\u00e9ral\" \/>\n<meta property=\"og:url\" content=\"https:\/\/adagio.accorv2prod.decms.eu\/fr\/\" \/>\n<meta property=\"og:site_name\" content=\"Adagio Demo Site\" \/>\n<meta property=\"article:modified_time\" content=\"2025-01-28T09:32:56+00:00\" \/>\n<meta name=\"twitter:card\" content=\"summary_large_image\" \/>\n<meta name=\"twitter:label1\" content=\"Dur\u00e9e de lecture est.\" \/>\n\t<meta name=\"twitter:data1\" content=\"1 minute\" \/>\n<script type=\"application\/ld+json\" class=\"yoast-schema-graph\">{\"@context\":\"https:\/\/schema.org\",\"@graph\":[{\"@type\":\"WebPage\",\"@id\":\"https:\/\/adagio.accorv2prod.decms.eu\/fr\/\",\"url\":\"https:\/\/adagio.accorv2prod.decms.eu\/fr\/\",\"name\":\"Accueil - Adagio Demo Site\",\"isPartOf\":{\"@id\":\"https:\/\/adagio.accorv2prod.decms.eu\/#website\"},\"datePublished\":\"2021-06-28T12:56:47+00:00\",\"dateModified\":\"2025-01-28T09:32:56+00:00\",\"breadcrumb\":{\"@id\":\"https:\/\/adagio.accorv2prod.decms.eu\/fr\/#breadcrumb\"},\"inLanguage\":\"fr-FR\",\"potentialAction\":[{\"@type\":\"ReadAction\",\"target\":[\"https:\/\/adagio.accorv2prod.decms.eu\/fr\/\"]}]},{\"@type\":\"BreadcrumbList\",\"@id\":\"https:\/\/adagio.accorv2prod.decms.eu\/fr\/#breadcrumb\",\"itemListElement\":[{\"@type\":\"ListItem\",\"position\":1,\"name\":\"Home\",\"item\":\"https:\/\/adagio.accorv2prod.decms.eu\/fr\/\"},{\"@type\":\"ListItem\",\"position\":2,\"name\":\"Accueil\"}]},{\"@type\":\"WebSite\",\"@id\":\"https:\/\/adagio.accorv2prod.decms.eu\/#website\",\"url\":\"https:\/\/adagio.accorv2prod.decms.eu\/\",\"name\":\"Adagio Demo Site\",\"description\":\"Just another Matteo Canever Site Sites site\",\"potentialAction\":[{\"@type\":\"SearchAction\",\"target\":{\"@type\":\"EntryPoint\",\"urlTemplate\":\"https:\/\/adagio.accorv2prod.decms.eu\/?s={search_term_string}\"},\"query-input\":{\"@type\":\"PropertyValueSpecification\",\"valueRequired\":true,\"valueName\":\"search_term_string\"}}],\"inLanguage\":\"fr-FR\"}]}<\/script>\n<!-- \/ Yoast SEO plugin. -->","yoast_head_json":{"title":"Accueil - Adagio Demo Site","robots":{"index":"noindex","follow":"follow","max-snippet":"max-snippet:-1","max-image-preview":"max-image-preview:large","max-video-preview":"max-video-preview:-1"},"og_locale":"fr_FR","og_type":"article","og_title":"Accueil - Adagio Demo Site","og_description":"Avec des vues resplendissantes sur la mer, Adagio Jacaranda Watamu Kenya vous invite \u00e0 l\u2019\u00e9vasion. Sentez-vous chez vous dans une maison perch\u00e9e au charme sauvage, offrant une vue imprenable sur l\u2019oc\u00e9an Indien et une mangrove prot\u00e9g\u00e9e par l\u2019UNESCO. ALAIN RUFFIER Directeur G\u00e9n\u00e9ral","og_url":"https:\/\/adagio.accorv2prod.decms.eu\/fr\/","og_site_name":"Adagio Demo Site","article_modified_time":"2025-01-28T09:32:56+00:00","twitter_card":"summary_large_image","twitter_misc":{"Dur\u00e9e de lecture est.":"1 minute"},"schema":{"@context":"https:\/\/schema.org","@graph":[{"@type":"WebPage","@id":"https:\/\/adagio.accorv2prod.decms.eu\/fr\/","url":"https:\/\/adagio.accorv2prod.decms.eu\/fr\/","name":"Accueil - Adagio Demo Site","isPartOf":{"@id":"https:\/\/adagio.accorv2prod.decms.eu\/#website"},"datePublished":"2021-06-28T12:56:47+00:00","dateModified":"2025-01-28T09:32:56+00:00","breadcrumb":{"@id":"https:\/\/adagio.accorv2prod.decms.eu\/fr\/#breadcrumb"},"inLanguage":"fr-FR","potentialAction":[{"@type":"ReadAction","target":["https:\/\/adagio.accorv2prod.decms.eu\/fr\/"]}]},{"@type":"BreadcrumbList","@id":"https:\/\/adagio.accorv2prod.decms.eu\/fr\/#breadcrumb","itemListElement":[{"@type":"ListItem","position":1,"name":"Home","item":"https:\/\/adagio.accorv2prod.decms.eu\/fr\/"},{"@type":"ListItem","position":2,"name":"Accueil"}]},{"@type":"WebSite","@id":"https:\/\/adagio.accorv2prod.decms.eu\/#website","url":"https:\/\/adagio.accorv2prod.decms.eu\/","name":"Adagio Demo Site","description":"Just another Matteo Canever Site Sites site","potentialAction":[{"@type":"SearchAction","target":{"@type":"EntryPoint","urlTemplate":"https:\/\/adagio.accorv2prod.decms.eu\/?s={search_term_string}"},"query-input":{"@type":"PropertyValueSpecification","valueRequired":true,"valueName":"search_term_string"}}],"inLanguage":"fr-FR"}]}},"_links":{"self":[{"href":"https:\/\/adagio.accorv2prod.decms.eu\/fr\/wp-json\/wp\/v2\/pages\/895","targetHints":{"allow":["GET"]}}],"collection":[{"href":"https:\/\/adagio.accorv2prod.decms.eu\/fr\/wp-json\/wp\/v2\/pages"}],"about":[{"href":"https:\/\/adagio.accorv2prod.decms.eu\/fr\/wp-json\/wp\/v2\/types\/page"}],"author":[{"embeddable":true,"href":"https:\/\/adagio.accorv2prod.decms.eu\/fr\/wp-json\/wp\/v2\/users\/2"}],"replies":[{"embeddable":true,"href":"https:\/\/adagio.accorv2prod.decms.eu\/fr\/wp-json\/wp\/v2\/comments?post=895"}],"version-history":[{"count":0,"href":"https:\/\/adagio.accorv2prod.decms.eu\/fr\/wp-json\/wp\/v2\/pages\/895\/revisions"}],"wp:attachment":[{"href":"https:\/\/adagio.accorv2prod.decms.eu\/fr\/wp-json\/wp\/v2\/media?parent=895"}],"wp:term":[{"taxonomy":"category","embeddable":true,"href":"https:\/\/adagio.accorv2prod.decms.eu\/fr\/wp-json\/wp\/v2\/categories?post=895"}],"curies":[{"name":"wp","href":"https:\/\/api.w.org\/{rel}","templated":true}]}}